{"id":7551,"date":"2021-10-21T08:36:31","date_gmt":"2021-10-21T06:36:31","guid":{"rendered":"https:\/\/www.madepices.fr\/madagascar-vanilla\/the-different-presentations-of-vanilla\/"},"modified":"2023-07-26T11:04:29","modified_gmt":"2023-07-26T09:04:29","slug":"the-different-presentations-of-vanilla","status":"publish","type":"page","link":"https:\/\/www.madepices.fr\/en\/madagascar-vanilla\/the-different-presentations-of-vanilla\/","title":{"rendered":"The different presentations of vanilla"},"content":{"rendered":"\t\t<div data-elementor-type=\"wp-page\" data-elementor-id=\"7551\" class=\"elementor elementor-7551 elementor-2400\" data-elementor-post-type=\"page\">\n\t\t\t\t\t\t<section class=\"elementor-section elementor-top-section elementor-element elementor-element-d19db53 elementor-section-boxed elementor-section-height-default elementor-section-height-default\" data-id=\"d19db53\" data-element_type=\"section\" data-e-type=\"section\" data-settings=\"{&quot;background_background&quot;:&quot;classic&quot;}\">\n\t\t\t\t\t\t\t<div class=\"elementor-background-overlay\"><\/div>\n\t\t\t\t\t\t\t<div class=\"elementor-container elementor-column-gap-no\">\n\t\t\t\t\t<div class=\"elementor-column elementor-col-50 elementor-top-column elementor-element elementor-element-2c293ea\" data-id=\"2c293ea\" data-element_type=\"column\" data-e-type=\"column\">\n\t\t\t<div class=\"elementor-widget-wrap elementor-element-populated\">\n\t\t\t\t\t\t<div class=\"elementor-element elementor-element-ee8dac2 elementor-widget elementor-widget-heading\" data-id=\"ee8dac2\" data-element_type=\"widget\" data-e-type=\"widget\" data-widget_type=\"heading.default\">\n\t\t\t\t<div class=\"elementor-widget-container\">\n\t\t\t\t\t<h1 class=\"elementor-heading-title elementor-size-default\">The different presentations of vanilla<\/h1>\t\t\t\t<\/div>\n\t\t\t\t<\/div>\n\t\t\t\t\t<\/div>\n\t\t<\/div>\n\t\t\t\t<div class=\"elementor-column elementor-col-50 elementor-top-column elementor-element elementor-element-7104116\" data-id=\"7104116\" data-element_type=\"column\" data-e-type=\"column\">\n\t\t\t<div class=\"elementor-widget-wrap elementor-element-populated\">\n\t\t\t\t\t\t<div class=\"elementor-element elementor-element-0696ed3 FilsDariane elementor-widget elementor-widget-text-editor\" data-id=\"0696ed3\" data-element_type=\"widget\" data-e-type=\"widget\" data-widget_type=\"text-editor.default\">\n\t\t\t\t<div class=\"elementor-widget-container\">\n\t\t\t\t\t\t\t\t\t<p>[wpms_breadcrumb reverse=\u201d0\u2033]<\/p>\n\t\t\t\t\t\t\t\t<\/div>\n\t\t\t\t<\/div>\n\t\t\t\t\t<\/div>\n\t\t<\/div>\n\t\t\t\t\t<\/div>\n\t\t<\/section>\n\t\t\t\t<section class=\"elementor-section elementor-top-section elementor-element elementor-element-339d76b7 elementor-section-boxed elementor-section-height-default elementor-section-height-default\" data-id=\"339d76b7\" data-element_type=\"section\" data-e-type=\"section\" data-settings=\"{&quot;background_background&quot;:&quot;classic&quot;,&quot;background_motion_fx_motion_fx_scrolling&quot;:&quot;yes&quot;,&quot;background_motion_fx_scale_effect&quot;:&quot;yes&quot;,&quot;background_motion_fx_scale_speed&quot;:{&quot;unit&quot;:&quot;px&quot;,&quot;size&quot;:3,&quot;sizes&quot;:[]},&quot;background_motion_fx_scale_range&quot;:{&quot;unit&quot;:&quot;%&quot;,&quot;size&quot;:&quot;&quot;,&quot;sizes&quot;:{&quot;start&quot;:43,&quot;end&quot;:84}},&quot;background_motion_fx_devices&quot;:[&quot;desktop&quot;],&quot;background_motion_fx_scale_direction&quot;:&quot;out-in&quot;}\">\n\t\t\t\t\t\t<div class=\"elementor-container elementor-column-gap-no\">\n\t\t\t\t\t<div class=\"elementor-column elementor-col-33 elementor-top-column elementor-element elementor-element-8500541\" data-id=\"8500541\" data-element_type=\"column\" data-e-type=\"column\">\n\t\t\t<div class=\"elementor-widget-wrap elementor-element-populated\">\n\t\t\t\t\t\t<section class=\"elementor-section elementor-inner-section elementor-element elementor-element-0b72d57 elementor-section-full_width elementor-section-height-default elementor-section-height-default elementor-invisible\" data-id=\"0b72d57\" data-element_type=\"section\" data-e-type=\"section\" data-settings=\"{&quot;animation&quot;:&quot;fadeInLeft&quot;,&quot;animation_mobile&quot;:&quot;none&quot;,&quot;animation_delay&quot;:100,&quot;background_background&quot;:&quot;classic&quot;}\">\n\t\t\t\t\t\t<div class=\"elementor-container elementor-column-gap-no\">\n\t\t\t\t\t<div class=\"elementor-column elementor-col-100 elementor-inner-column elementor-element elementor-element-06cf7d1\" data-id=\"06cf7d1\" data-element_type=\"column\" data-e-type=\"column\">\n\t\t\t<div class=\"elementor-widget-wrap elementor-element-populated\">\n\t\t\t\t\t\t<div class=\"elementor-element elementor-element-cb7f7b8 elementor-widget elementor-widget-image\" data-id=\"cb7f7b8\" data-element_type=\"widget\" data-e-type=\"widget\" data-widget_type=\"image.default\">\n\t\t\t\t<div class=\"elementor-widget-container\">\n\t\t\t\t\t\t\t\t\t\t\t\t\t\t\t<img fetchpriority=\"high\" decoding=\"async\" width=\"1000\" height=\"476\" src=\"https:\/\/www.madepices.fr\/wp-content\/uploads\/2021\/10\/les-vanilles-1.jpg\" class=\"elementor-animation-grow attachment-full size-full wp-image-5829\" alt=\"vanilla\" srcset=\"https:\/\/www.madepices.fr\/wp-content\/uploads\/2021\/10\/les-vanilles-1.jpg 1000w, https:\/\/www.madepices.fr\/wp-content\/uploads\/2021\/10\/les-vanilles-1-800x381.jpg 800w, https:\/\/www.madepices.fr\/wp-content\/uploads\/2021\/10\/les-vanilles-1-150x71.jpg 150w, https:\/\/www.madepices.fr\/wp-content\/uploads\/2021\/10\/les-vanilles-1-768x366.jpg 768w\" sizes=\"(max-width: 1000px) 100vw, 1000px\" \/>\t\t\t\t\t\t\t\t\t\t\t\t\t\t\t<\/div>\n\t\t\t\t<\/div>\n\t\t\t\t<div class=\"elementor-element elementor-element-b6e83cf brownButton elementor-cta--skin-classic elementor-animated-content elementor-bg-transform elementor-bg-transform-zoom-in elementor-widget elementor-widget-call-to-action\" data-id=\"b6e83cf\" data-element_type=\"widget\" data-e-type=\"widget\" data-widget_type=\"call-to-action.default\">\n\t\t\t\t<div class=\"elementor-widget-container\">\n\t\t\t\t\t\t\t<div class=\"elementor-cta\">\n\t\t\t\t\t\t\t<div class=\"elementor-cta__content\">\n\t\t\t\t\n\t\t\t\t\t\t\t\t\t<div class=\"elementor-cta__title elementor-cta__content-item elementor-content-item\">\n\t\t\t\t\t\tVanilla - Vanilla Pods\t\t\t\t\t<\/div>\n\t\t\t\t\n\t\t\t\t\t\t\t\t\t<div class=\"elementor-cta__description elementor-cta__content-item elementor-content-item\">\n\t\t\t\t\t\t<p>100 % de gousse de vanille.<br \/>\nL'emballage doit faire appara\u00eetre la vari\u00e9t\u00e9 botanique (Vanillaplanifolia \/ Vanillatahitensis) ainsi que la provenance (pays producteur)<br \/>\n2 % de taux de vanilline minimum<br \/>\nLa DGCCRF tol\u00e8re des taux de vanilline inf\u00e9rieurs (1.6 %)<\/p>\n\t\t\t\t\t<\/div>\n\t\t\t\t\n\t\t\t\t\t\t\t<\/div>\n\t\t\t\t\t\t<\/div>\n\t\t\t\t\t\t<\/div>\n\t\t\t\t<\/div>\n\t\t\t\t\t<\/div>\n\t\t<\/div>\n\t\t\t\t\t<\/div>\n\t\t<\/section>\n\t\t\t\t<section class=\"elementor-section elementor-inner-section elementor-element elementor-element-008fd0f elementor-section-full_width elementor-section-height-default elementor-section-height-default elementor-invisible\" data-id=\"008fd0f\" data-element_type=\"section\" data-e-type=\"section\" data-settings=\"{&quot;animation&quot;:&quot;fadeInLeft&quot;,&quot;animation_mobile&quot;:&quot;none&quot;,&quot;animation_delay&quot;:100,&quot;background_background&quot;:&quot;classic&quot;}\">\n\t\t\t\t\t\t<div class=\"elementor-container elementor-column-gap-no\">\n\t\t\t\t\t<div class=\"elementor-column elementor-col-100 elementor-inner-column elementor-element elementor-element-3a99f71\" data-id=\"3a99f71\" data-element_type=\"column\" data-e-type=\"column\">\n\t\t\t<div class=\"elementor-widget-wrap elementor-element-populated\">\n\t\t\t\t\t\t<div class=\"elementor-element elementor-element-56aad4d elementor-widget elementor-widget-image\" data-id=\"56aad4d\" data-element_type=\"widget\" data-e-type=\"widget\" data-widget_type=\"image.default\">\n\t\t\t\t<div class=\"elementor-widget-container\">\n\t\t\t\t\t\t\t\t\t\t\t\t\t\t\t<img decoding=\"async\" width=\"1000\" height=\"476\" src=\"https:\/\/www.madepices.fr\/wp-content\/uploads\/2021\/10\/Sucre-de-vanille.jpg\" class=\"elementor-animation-grow attachment-full size-full wp-image-5831\" alt=\"Sucre de vanille\" srcset=\"https:\/\/www.madepices.fr\/wp-content\/uploads\/2021\/10\/Sucre-de-vanille.jpg 1000w, https:\/\/www.madepices.fr\/wp-content\/uploads\/2021\/10\/Sucre-de-vanille-800x381.jpg 800w, https:\/\/www.madepices.fr\/wp-content\/uploads\/2021\/10\/Sucre-de-vanille-150x71.jpg 150w, https:\/\/www.madepices.fr\/wp-content\/uploads\/2021\/10\/Sucre-de-vanille-768x366.jpg 768w\" sizes=\"(max-width: 1000px) 100vw, 1000px\" \/>\t\t\t\t\t\t\t\t\t\t\t\t\t\t\t<\/div>\n\t\t\t\t<\/div>\n\t\t\t\t<div class=\"elementor-element elementor-element-5f92d26 brownButton elementor-cta--skin-classic elementor-animated-content elementor-bg-transform elementor-bg-transform-zoom-in elementor-widget elementor-widget-call-to-action\" data-id=\"5f92d26\" data-element_type=\"widget\" data-e-type=\"widget\" data-widget_type=\"call-to-action.default\">\n\t\t\t\t<div class=\"elementor-widget-container\">\n\t\t\t\t\t\t\t<div class=\"elementor-cta\">\n\t\t\t\t\t\t\t<div class=\"elementor-cta__content\">\n\t\t\t\t\n\t\t\t\t\t\t\t\t\t<div class=\"elementor-cta__title elementor-cta__content-item elementor-content-item\">\n\t\t\t\t\t\tVanilla sugar\t\t\t\t\t<\/div>\n\t\t\t\t\n\t\t\t\t\t\t\t\t\t<div class=\"elementor-cta__description elementor-cta__content-item elementor-content-item\">\n\t\t\t\t\t\t<p>Sucre + vanille en poudre<br \/>\nMinimum de 4 % de gousse de vanille.<\/p>\n\t\t\t\t\t<\/div>\n\t\t\t\t\n\t\t\t\t\t\t\t<\/div>\n\t\t\t\t\t\t<\/div>\n\t\t\t\t\t\t<\/div>\n\t\t\t\t<\/div>\n\t\t\t\t\t<\/div>\n\t\t<\/div>\n\t\t\t\t\t<\/div>\n\t\t<\/section>\n\t\t\t\t\t<\/div>\n\t\t<\/div>\n\t\t\t\t<div class=\"elementor-column elementor-col-33 elementor-top-column elementor-element elementor-element-32ca6361 elementor-hidden-mobile\" data-id=\"32ca6361\" data-element_type=\"column\" data-e-type=\"column\">\n\t\t\t<div class=\"elementor-widget-wrap elementor-element-populated\">\n\t\t\t\t\t\t<div class=\"elementor-element elementor-element-6a1179de elementor-widget elementor-widget-image\" data-id=\"6a1179de\" data-element_type=\"widget\" data-e-type=\"widget\" data-widget_type=\"image.default\">\n\t\t\t\t<div class=\"elementor-widget-container\">\n\t\t\t\t\t\t\t\t\t\t\t\t\t\t\t<img decoding=\"async\" width=\"444\" height=\"594\" src=\"https:\/\/www.madepices.fr\/wp-content\/uploads\/2021\/10\/La-vanille-de-Madagascar.png\" class=\"attachment-large size-large wp-image-5740\" alt=\"La vanille de Madagascar\" srcset=\"https:\/\/www.madepices.fr\/wp-content\/uploads\/2021\/10\/La-vanille-de-Madagascar.png 444w, https:\/\/www.madepices.fr\/wp-content\/uploads\/2021\/10\/La-vanille-de-Madagascar-300x401.png 300w, https:\/\/www.madepices.fr\/wp-content\/uploads\/2021\/10\/La-vanille-de-Madagascar-224x300.png 224w\" sizes=\"(max-width: 444px) 100vw, 444px\" \/>\t\t\t\t\t\t\t\t\t\t\t\t\t\t\t<\/div>\n\t\t\t\t<\/div>\n\t\t\t\t\t<\/div>\n\t\t<\/div>\n\t\t\t\t<div class=\"elementor-column elementor-col-33 elementor-top-column elementor-element elementor-element-8e9caf6\" data-id=\"8e9caf6\" data-element_type=\"column\" data-e-type=\"column\">\n\t\t\t<div class=\"elementor-widget-wrap elementor-element-populated\">\n\t\t\t\t\t\t<section class=\"elementor-section elementor-inner-section elementor-element elementor-element-548b11f elementor-section-full_width elementor-section-height-default elementor-section-height-default elementor-invisible\" data-id=\"548b11f\" data-element_type=\"section\" data-e-type=\"section\" data-settings=\"{&quot;animation&quot;:&quot;fadeInRight&quot;,&quot;animation_mobile&quot;:&quot;none&quot;,&quot;animation_delay&quot;:100,&quot;background_background&quot;:&quot;classic&quot;}\">\n\t\t\t\t\t\t<div class=\"elementor-container elementor-column-gap-no\">\n\t\t\t\t\t<div class=\"elementor-column elementor-col-100 elementor-inner-column elementor-element elementor-element-c87b134\" data-id=\"c87b134\" data-element_type=\"column\" data-e-type=\"column\">\n\t\t\t<div class=\"elementor-widget-wrap elementor-element-populated\">\n\t\t\t\t\t\t<div class=\"elementor-element elementor-element-36345f5 elementor-widget elementor-widget-image\" data-id=\"36345f5\" data-element_type=\"widget\" data-e-type=\"widget\" data-widget_type=\"image.default\">\n\t\t\t\t<div class=\"elementor-widget-container\">\n\t\t\t\t\t\t\t\t\t\t\t\t\t\t\t<img loading=\"lazy\" decoding=\"async\" width=\"1000\" height=\"476\" src=\"https:\/\/www.madepices.fr\/wp-content\/uploads\/2021\/10\/Arome-naturel-de-vanille.jpg\" class=\"elementor-animation-grow attachment-full size-full wp-image-5830\" alt=\"Natural vanilla flavor\" srcset=\"https:\/\/www.madepices.fr\/wp-content\/uploads\/2021\/10\/Arome-naturel-de-vanille.jpg 1000w, https:\/\/www.madepices.fr\/wp-content\/uploads\/2021\/10\/Arome-naturel-de-vanille-800x381.jpg 800w, https:\/\/www.madepices.fr\/wp-content\/uploads\/2021\/10\/Arome-naturel-de-vanille-150x71.jpg 150w, https:\/\/www.madepices.fr\/wp-content\/uploads\/2021\/10\/Arome-naturel-de-vanille-768x366.jpg 768w\" sizes=\"(max-width: 1000px) 100vw, 1000px\" \/>\t\t\t\t\t\t\t\t\t\t\t\t\t\t\t<\/div>\n\t\t\t\t<\/div>\n\t\t\t\t<div class=\"elementor-element elementor-element-31f12d9 brownButton elementor-cta--skin-classic elementor-animated-content elementor-bg-transform elementor-bg-transform-zoom-in elementor-widget elementor-widget-call-to-action\" data-id=\"31f12d9\" data-element_type=\"widget\" data-e-type=\"widget\" data-widget_type=\"call-to-action.default\">\n\t\t\t\t<div class=\"elementor-widget-container\">\n\t\t\t\t\t\t\t<div class=\"elementor-cta\">\n\t\t\t\t\t\t\t<div class=\"elementor-cta__content\">\n\t\t\t\t\n\t\t\t\t\t\t\t\t\t<div class=\"elementor-cta__title elementor-cta__content-item elementor-content-item\">\n\t\t\t\t\t\t Natural Vanilla Flavor\t\t\t\t\t<\/div>\n\t\t\t\t\n\t\t\t\t\t\t\t\t\t<div class=\"elementor-cta__description elementor-cta__content-item elementor-content-item\">\n\t\t\t\t\t\t<p>Extrait plus ou moins liquide obtenu \u00e0 partir des gousses sur support solvant d'extraction<br \/>\nMinimum de 2 g de vanilline par kg (soit 0.2 %) et\/ou mise en oeuvre de 15 % de vanille en gousse minimum<\/p>\n\t\t\t\t\t<\/div>\n\t\t\t\t\n\t\t\t\t\t\t\t<\/div>\n\t\t\t\t\t\t<\/div>\n\t\t\t\t\t\t<\/div>\n\t\t\t\t<\/div>\n\t\t\t\t\t<\/div>\n\t\t<\/div>\n\t\t\t\t\t<\/div>\n\t\t<\/section>\n\t\t\t\t<section class=\"elementor-section elementor-inner-section elementor-element elementor-element-2b8240e elementor-section-full_width elementor-section-height-default elementor-section-height-default elementor-invisible\" data-id=\"2b8240e\" data-element_type=\"section\" data-e-type=\"section\" data-settings=\"{&quot;animation&quot;:&quot;fadeInRight&quot;,&quot;animation_mobile&quot;:&quot;none&quot;,&quot;animation_delay&quot;:100,&quot;background_background&quot;:&quot;classic&quot;}\">\n\t\t\t\t\t\t<div class=\"elementor-container elementor-column-gap-no\">\n\t\t\t\t\t<div class=\"elementor-column elementor-col-100 elementor-inner-column elementor-element elementor-element-27eccd0\" data-id=\"27eccd0\" data-element_type=\"column\" data-e-type=\"column\">\n\t\t\t<div class=\"elementor-widget-wrap elementor-element-populated\">\n\t\t\t\t\t\t<div class=\"elementor-element elementor-element-5aa41ea elementor-widget elementor-widget-image\" data-id=\"5aa41ea\" data-element_type=\"widget\" data-e-type=\"widget\" data-widget_type=\"image.default\">\n\t\t\t\t<div class=\"elementor-widget-container\">\n\t\t\t\t\t\t\t\t\t\t\t\t\t\t\t<img loading=\"lazy\" decoding=\"async\" width=\"1000\" height=\"476\" src=\"https:\/\/www.madepices.fr\/wp-content\/uploads\/2021\/10\/Gousse-de-vanille.jpg\" class=\"elementor-animation-grow attachment-full size-full wp-image-5828\" alt=\"Vanilla pod\" srcset=\"https:\/\/www.madepices.fr\/wp-content\/uploads\/2021\/10\/Gousse-de-vanille.jpg 1000w, https:\/\/www.madepices.fr\/wp-content\/uploads\/2021\/10\/Gousse-de-vanille-800x381.jpg 800w, https:\/\/www.madepices.fr\/wp-content\/uploads\/2021\/10\/Gousse-de-vanille-150x71.jpg 150w, https:\/\/www.madepices.fr\/wp-content\/uploads\/2021\/10\/Gousse-de-vanille-768x366.jpg 768w\" sizes=\"(max-width: 1000px) 100vw, 1000px\" \/>\t\t\t\t\t\t\t\t\t\t\t\t\t\t\t<\/div>\n\t\t\t\t<\/div>\n\t\t\t\t<div class=\"elementor-element elementor-element-3aef7f9 brownButton elementor-cta--skin-classic elementor-animated-content elementor-bg-transform elementor-bg-transform-zoom-in elementor-widget elementor-widget-call-to-action\" data-id=\"3aef7f9\" data-element_type=\"widget\" data-e-type=\"widget\" data-widget_type=\"call-to-action.default\">\n\t\t\t\t<div class=\"elementor-widget-container\">\n\t\t\t\t\t\t\t<div class=\"elementor-cta\">\n\t\t\t\t\t\t\t<div class=\"elementor-cta__content\">\n\t\t\t\t\n\t\t\t\t\t\t\t\t\t<div class=\"elementor-cta__title elementor-cta__content-item elementor-content-item\">\n\t\t\t\t\t\t Vanilla powder\t\t\t\t\t<\/div>\n\t\t\t\t\n\t\t\t\t\t\t\t\t\t<div class=\"elementor-cta__description elementor-cta__content-item elementor-content-item\">\n\t\t\t\t\t\t<p>Vanille broy\u00e9e issue de gousse 100 % naturelle<br \/>\n2 % minimum<\/p>\n\t\t\t\t\t<\/div>\n\t\t\t\t\n\t\t\t\t\t\t\t<\/div>\n\t\t\t\t\t\t<\/div>\n\t\t\t\t\t\t<\/div>\n\t\t\t\t<\/div>\n\t\t\t\t\t<\/div>\n\t\t<\/div>\n\t\t\t\t\t<\/div>\n\t\t<\/section>\n\t\t\t\t\t<\/div>\n\t\t<\/div>\n\t\t\t\t\t<\/div>\n\t\t<\/section>\n\t\t\t\t<\/div>\n\t\t","protected":false},"excerpt":{"rendered":"<p>The different presentations of vanilla [wpms_breadcrumb reverse=\u201d0\u2033] Vanilla &#8211; Vanilla Pods 100 % de gousse de vanille. L&#8217;emballage doit faire appara\u00eetre la vari\u00e9t\u00e9 botanique (Vanillaplanifolia \/ Vanillatahitensis) ainsi que la provenance (pays producteur) 2 % de taux de vanilline minimum La DGCCRF tol\u00e8re des taux de vanilline inf\u00e9rieurs (1.6 %) Vanilla sugar Sucre + vanille&hellip;&nbsp;<a href=\"https:\/\/www.madepices.fr\/en\/madagascar-vanilla\/the-different-presentations-of-vanilla\/\" rel=\"bookmark\">Read More &raquo;<span class=\"screen-reader-text\">The different presentations of vanilla<\/span><\/a><\/p>\n","protected":false},"author":1,"featured_media":0,"parent":7545,"menu_order":0,"comment_status":"closed","ping_status":"closed","template":"page-templates\/template-pagebuilder-full-width.php","meta":{"_acf_changed":false,"neve_meta_sidebar":"","neve_meta_container":"","neve_meta_enable_content_width":"","neve_meta_content_width":0,"neve_meta_title_alignment":"","neve_meta_author_avatar":"","neve_post_elements_order":"","neve_meta_disable_header":"","neve_meta_disable_footer":"","neve_meta_disable_title":"","neve_meta_reading_time":"","footnotes":""},"class_list":["post-7551","page","type-page","status-publish","hentry"],"acf":[],"_links":{"self":[{"href":"https:\/\/www.madepices.fr\/en\/wp-json\/wp\/v2\/pages\/7551","targetHints":{"allow":["GET"]}}],"collection":[{"href":"https:\/\/www.madepices.fr\/en\/wp-json\/wp\/v2\/pages"}],"about":[{"href":"https:\/\/www.madepices.fr\/en\/wp-json\/wp\/v2\/types\/page"}],"author":[{"embeddable":true,"href":"https:\/\/www.madepices.fr\/en\/wp-json\/wp\/v2\/users\/1"}],"replies":[{"embeddable":true,"href":"https:\/\/www.madepices.fr\/en\/wp-json\/wp\/v2\/comments?post=7551"}],"version-history":[{"count":0,"href":"https:\/\/www.madepices.fr\/en\/wp-json\/wp\/v2\/pages\/7551\/revisions"}],"up":[{"embeddable":true,"href":"https:\/\/www.madepices.fr\/en\/wp-json\/wp\/v2\/pages\/7545"}],"wp:attachment":[{"href":"https:\/\/www.madepices.fr\/en\/wp-json\/wp\/v2\/media?parent=7551"}],"curies":[{"name":"wp","href":"https:\/\/api.w.org\/{rel}","templated":true}]}}