{"id":7500,"date":"2021-10-21T07:41:53","date_gmt":"2021-10-21T05:41:53","guid":{"rendered":"https:\/\/www.madepices.fr\/2021-2022-campaign-accreditation\/"},"modified":"2021-10-21T08:24:12","modified_gmt":"2021-10-21T06:24:12","slug":"2021-2022-campaign-accreditation","status":"publish","type":"page","link":"https:\/\/www.madepices.fr\/en\/2021-2022-campaign-accreditation\/","title":{"rendered":"2021-2022 Campaign accreditation"},"content":{"rendered":"\t\t<div data-elementor-type=\"wp-page\" data-elementor-id=\"7500\" class=\"elementor elementor-7500 elementor-2278\" data-elementor-post-type=\"page\">\n\t\t\t\t\t\t<section class=\"elementor-section elementor-top-section elementor-element elementor-element-7ad1c41 elementor-section-boxed elementor-section-height-default elementor-section-height-default\" data-id=\"7ad1c41\" data-element_type=\"section\" data-e-type=\"section\" data-settings=\"{&quot;background_background&quot;:&quot;classic&quot;}\">\n\t\t\t\t\t\t\t<div class=\"elementor-background-overlay\"><\/div>\n\t\t\t\t\t\t\t<div class=\"elementor-container elementor-column-gap-no\">\n\t\t\t\t\t<div class=\"elementor-column elementor-col-50 elementor-top-column elementor-element elementor-element-82e605c\" data-id=\"82e605c\" data-element_type=\"column\" data-e-type=\"column\">\n\t\t\t<div class=\"elementor-widget-wrap elementor-element-populated\">\n\t\t\t\t\t\t<div class=\"elementor-element elementor-element-96eac2d elementor-widget elementor-widget-heading\" data-id=\"96eac2d\" data-element_type=\"widget\" data-e-type=\"widget\" data-widget_type=\"heading.default\">\n\t\t\t\t<div class=\"elementor-widget-container\">\n\t\t\t\t\t<h1 class=\"elementor-heading-title elementor-size-default\">2021-2022 Campaign accreditation<\/h1>\t\t\t\t<\/div>\n\t\t\t\t<\/div>\n\t\t\t\t\t<\/div>\n\t\t<\/div>\n\t\t\t\t<div class=\"elementor-column elementor-col-50 elementor-top-column elementor-element elementor-element-6d6244f\" data-id=\"6d6244f\" data-element_type=\"column\" data-e-type=\"column\">\n\t\t\t<div class=\"elementor-widget-wrap elementor-element-populated\">\n\t\t\t\t\t\t<div class=\"elementor-element elementor-element-3938798 FilsDariane elementor-widget elementor-widget-text-editor\" data-id=\"3938798\" data-element_type=\"widget\" data-e-type=\"widget\" data-widget_type=\"text-editor.default\">\n\t\t\t\t<div class=\"elementor-widget-container\">\n\t\t\t\t\t\t\t\t\t<p>[wpms_breadcrumb reverse=\u201d0\u2033]<\/p>\n\t\t\t\t\t\t\t\t<\/div>\n\t\t\t\t<\/div>\n\t\t\t\t\t<\/div>\n\t\t<\/div>\n\t\t\t\t\t<\/div>\n\t\t<\/section>\n\t\t\t\t<section class=\"elementor-section elementor-top-section elementor-element elementor-element-051503e elementor-section-full_width elementor-section-height-default elementor-section-height-default\" data-id=\"051503e\" data-element_type=\"section\" data-e-type=\"section\">\n\t\t\t\t\t\t<div class=\"elementor-container elementor-column-gap-default\">\n\t\t\t\t\t<div class=\"elementor-column elementor-col-50 elementor-top-column elementor-element elementor-element-2f7827f elementor-hidden-mobile\" data-id=\"2f7827f\" data-element_type=\"column\" data-e-type=\"column\" data-settings=\"{&quot;background_background&quot;:&quot;classic&quot;,&quot;motion_fx_translateY_affectedRange&quot;:{&quot;unit&quot;:&quot;%&quot;,&quot;size&quot;:&quot;&quot;,&quot;sizes&quot;:{&quot;start&quot;:40,&quot;end&quot;:100}},&quot;motion_fx_motion_fx_scrolling&quot;:&quot;yes&quot;,&quot;motion_fx_translateY_effect&quot;:&quot;yes&quot;,&quot;motion_fx_translateY_speed&quot;:{&quot;unit&quot;:&quot;px&quot;,&quot;size&quot;:4,&quot;sizes&quot;:[]},&quot;motion_fx_devices&quot;:[&quot;desktop&quot;,&quot;tablet&quot;,&quot;mobile&quot;]}\">\n\t\t\t<div class=\"elementor-widget-wrap\">\n\t\t\t\t\t\t\t<\/div>\n\t\t<\/div>\n\t\t\t\t<div class=\"elementor-column elementor-col-50 elementor-top-column elementor-element elementor-element-01c30e5\" data-id=\"01c30e5\" data-element_type=\"column\" data-e-type=\"column\">\n\t\t\t<div class=\"elementor-widget-wrap elementor-element-populated\">\n\t\t\t\t\t\t<div class=\"elementor-element elementor-element-dd5a59e elementor-invisible elementor-widget elementor-widget-text-editor\" data-id=\"dd5a59e\" data-element_type=\"widget\" data-e-type=\"widget\" data-settings=\"{&quot;_animation&quot;:&quot;fadeIn&quot;}\" data-widget_type=\"text-editor.default\">\n\t\t\t\t<div class=\"elementor-widget-container\">\n\t\t\t\t\t\t\t\t\t<p>L\u2019activit\u00e9 d\u2019exportation au d\u00e9part de MADAGASCAR est tr\u00e8s encadr\u00e9e tant d\u2019un point de vue sanitaire que d\u2019un point de vue administratif, financier et calendaire.<\/p>\n<p>Le Minist\u00e8re de l\u2019Industrie, du Commerce et de la Consommation (MICC) r\u00e9glemente avec l\u2019arr\u00eat\u00e9 interminist\u00e9riel no 35-255\/2013 du 6 d\u00e9cembre 2013, portant r\u00e9glementation des conditions g\u00e9n\u00e9rales de commercialisation de la vanille toute l\u2019activit\u00e9 \u00e0 l\u2019exportation.<\/p>\n<p>Toutes nos marchandises voyagent avec factures, listes de colisage, certificats d\u2019origine et phytosanitaire.<\/p>\n<p>Les op\u00e9rations sont organis\u00e9es dans le cadre du SIG-OC, Syst\u00e8me Int\u00e9gr\u00e9 de Gestion des Op\u00e9rations de Change du Minist\u00e8re de l\u2019Economie et des Finances, Direction des Op\u00e9rations Financi\u00e8res, Service de la Finance Ext\u00e9rieure.<\/p>\n<p>Toutes les op\u00e9rations doivent respecter les dates d\u2019ouverture et de fermeture de campagne.<\/p>\n\t\t\t\t\t\t\t\t<\/div>\n\t\t\t\t<\/div>\n\t\t\t\t<div class=\"elementor-element elementor-element-fbebd84 elementor-hidden-desktop elementor-hidden-tablet elementor-widget elementor-widget-image\" data-id=\"fbebd84\" data-element_type=\"widget\" data-e-type=\"widget\" data-widget_type=\"image.default\">\n\t\t\t\t<div class=\"elementor-widget-container\">\n\t\t\t\t\t\t\t\t\t\t\t\t\t\t\t<img fetchpriority=\"high\" decoding=\"async\" width=\"1450\" height=\"1036\" src=\"https:\/\/www.madepices.fr\/wp-content\/uploads\/2021\/10\/Madepice-vanilles.jpg\" class=\"attachment-full size-full wp-image-6827\" alt=\"Madepice vanilla\" srcset=\"https:\/\/www.madepices.fr\/wp-content\/uploads\/2021\/10\/Madepice-vanilles.jpg 1450w, https:\/\/www.madepices.fr\/wp-content\/uploads\/2021\/10\/Madepice-vanilles-800x572.jpg 800w, https:\/\/www.madepices.fr\/wp-content\/uploads\/2021\/10\/Madepice-vanilles-1024x732.jpg 1024w, https:\/\/www.madepices.fr\/wp-content\/uploads\/2021\/10\/Madepice-vanilles-150x107.jpg 150w, https:\/\/www.madepices.fr\/wp-content\/uploads\/2021\/10\/Madepice-vanilles-768x549.jpg 768w\" sizes=\"(max-width: 1450px) 100vw, 1450px\" \/>\t\t\t\t\t\t\t\t\t\t\t\t\t\t\t<\/div>\n\t\t\t\t<\/div>\n\t\t\t\t\t<\/div>\n\t\t<\/div>\n\t\t\t\t\t<\/div>\n\t\t<\/section>\n\t\t\t\t<\/div>\n\t\t","protected":false},"excerpt":{"rendered":"<p>2021-2022 Campaign accreditation [wpms_breadcrumb reverse=\u201d0\u2033] L\u2019activit\u00e9 d\u2019exportation au d\u00e9part de MADAGASCAR est tr\u00e8s encadr\u00e9e tant d\u2019un point de vue sanitaire que d\u2019un point de vue administratif, financier et calendaire. Le Minist\u00e8re de l\u2019Industrie, du Commerce et de la Consommation (MICC) r\u00e9glemente avec l\u2019arr\u00eat\u00e9 interminist\u00e9riel no 35-255\/2013 du 6 d\u00e9cembre 2013, portant r\u00e9glementation des conditions g\u00e9n\u00e9rales&hellip;&nbsp;<a href=\"https:\/\/www.madepices.fr\/en\/2021-2022-campaign-accreditation\/\" rel=\"bookmark\">Read More &raquo;<span class=\"screen-reader-text\">2021-2022 Campaign accreditation<\/span><\/a><\/p>\n","protected":false},"author":1,"featured_media":0,"parent":0,"menu_order":0,"comment_status":"closed","ping_status":"closed","template":"","meta":{"_acf_changed":false,"neve_meta_sidebar":"","neve_meta_container":"","neve_meta_enable_content_width":"","neve_meta_content_width":0,"neve_meta_title_alignment":"","neve_meta_author_avatar":"","neve_post_elements_order":"","neve_meta_disable_header":"","neve_meta_disable_footer":"","neve_meta_disable_title":"","neve_meta_reading_time":"","footnotes":""},"class_list":["post-7500","page","type-page","status-publish","hentry"],"acf":[],"_links":{"self":[{"href":"https:\/\/www.madepices.fr\/en\/wp-json\/wp\/v2\/pages\/7500","targetHints":{"allow":["GET"]}}],"collection":[{"href":"https:\/\/www.madepices.fr\/en\/wp-json\/wp\/v2\/pages"}],"about":[{"href":"https:\/\/www.madepices.fr\/en\/wp-json\/wp\/v2\/types\/page"}],"author":[{"embeddable":true,"href":"https:\/\/www.madepices.fr\/en\/wp-json\/wp\/v2\/users\/1"}],"replies":[{"embeddable":true,"href":"https:\/\/www.madepices.fr\/en\/wp-json\/wp\/v2\/comments?post=7500"}],"version-history":[{"count":0,"href":"https:\/\/www.madepices.fr\/en\/wp-json\/wp\/v2\/pages\/7500\/revisions"}],"wp:attachment":[{"href":"https:\/\/www.madepices.fr\/en\/wp-json\/wp\/v2\/media?parent=7500"}],"curies":[{"name":"wp","href":"https:\/\/api.w.org\/{rel}","templated":true}]}}